{"id":3258,"date":"2026-03-03T12:12:35","date_gmt":"2026-03-03T11:12:35","guid":{"rendered":"https:\/\/www.sanpololamiere.it\/?page_id=3258"},"modified":"2026-03-03T12:33:57","modified_gmt":"2026-03-03T11:33:57","slug":"privacy-policy","status":"publish","type":"page","link":"https:\/\/www.sanpololamiere.it\/en\/privacy-policy\/","title":{"rendered":"Privacy Policy"},"content":{"rendered":"<div class=\"wpb-content-wrapper\"><div class=\"vc_row wpb_row vc_row-fluid\"><div class=\"wpb_column vc_column_container vc_col-sm-12\"><div class=\"vc_column-inner\"><div class=\"wpb_wrapper\"><div class=\"vc_empty_space\"   style=\"height: 32px\"><span class=\"vc_empty_space_inner\"><\/span><\/div>\n\t<div class=\"wpb_text_column wpb_content_element\" >\n\t\t<div class=\"wpb_wrapper\">\n\t\t\t<h3 data-start=\"423\" data-end=\"446\">PRIVACY POLICY<\/h3>\n<p>Informativa ai sensi dell\u2019art. 13 del Regolamento UE 2016\/679 (GDPR)<\/p>\n<h5 data-start=\"596\" data-end=\"627\">1. Titolare del trattamento<\/h5>\n<p data-start=\"629\" data-end=\"659\">Il Titolare del trattamento \u00e8:<\/p>\n<p data-start=\"661\" data-end=\"804\"><strong data-start=\"661\" data-end=\"691\">San Polo Lamiere SpA<\/strong><br data-start=\"691\" data-end=\"694\" \/>Sede legale: Via IV Novembre 2, 43056 San Polo di Torrile (PR)<br data-start=\"736\" data-end=\"739\" \/>P.IVA: IT01635090341<br \/>\nTel: +39 0521 091111<br data-start=\"762\" data-end=\"765\" \/>Email: <a href=\"mailto:info@sanpololamiere.it\" data-cmp-ab=\"2\">info@sanpololamiere.it<\/a><\/p>\n<hr data-start=\"806\" data-end=\"809\" \/>\n<h5 data-start=\"811\" data-end=\"844\">2. Tipologia di dati trattati<\/h5>\n<p data-start=\"846\" data-end=\"914\">Il sito non raccoglie dati personali tramite moduli o registrazioni.<br \/>\nDurante la navigazione possono essere trattati:<\/p>\n<ul data-start=\"965\" data-end=\"1072\">\n<li data-start=\"965\" data-end=\"979\">\n<p data-start=\"967\" data-end=\"979\">Indirizzo IP<\/p>\n<\/li>\n<li data-start=\"980\" data-end=\"1024\">\n<p data-start=\"982\" data-end=\"1024\">Dati tecnici del dispositivo e del browser<\/p>\n<\/li>\n<li data-start=\"1025\" data-end=\"1072\">\n<p data-start=\"1027\" data-end=\"1072\">Dati di navigazione e interazione con il sito<\/p>\n<\/li>\n<\/ul>\n<p data-start=\"1074\" data-end=\"1159\">Tali dati sono raccolti automaticamente tramite strumenti tecnici e Google Analytics.<\/p>\n<hr data-start=\"1161\" data-end=\"1164\" \/>\n<h5 data-start=\"1166\" data-end=\"1197\">3. Finalit\u00e0 del trattamento<\/h5>\n<p data-start=\"1199\" data-end=\"1224\">I dati sono trattati per:<\/p>\n<ul data-start=\"1226\" data-end=\"1388\">\n<li data-start=\"1226\" data-end=\"1272\">\n<p data-start=\"1228\" data-end=\"1272\">Garantire il corretto funzionamento del sito<\/p>\n<\/li>\n<li data-start=\"1273\" data-end=\"1351\">\n<p data-start=\"1275\" data-end=\"1351\">Ottenere statistiche anonime sull\u2019utilizzo del sito tramite Google Analytics<\/p>\n<\/li>\n<li data-start=\"1352\" data-end=\"1388\">\n<p data-start=\"1354\" data-end=\"1388\">Migliorare contenuti e prestazioni<\/p>\n<\/li>\n<\/ul>\n<hr data-start=\"1390\" data-end=\"1393\" \/>\n<h5 data-start=\"1395\" data-end=\"1416\">4. Base giuridica<\/h5>\n<p data-start=\"1418\" data-end=\"1444\">Il trattamento si basa su:<\/p>\n<ul data-start=\"1446\" data-end=\"1600\">\n<li data-start=\"1446\" data-end=\"1510\">\n<p data-start=\"1448\" data-end=\"1510\">Legittimo interesse del Titolare per il funzionamento del sito<\/p>\n<\/li>\n<li data-start=\"1511\" data-end=\"1600\">\n<p data-start=\"1513\" data-end=\"1600\">Consenso dell\u2019utente per l\u2019uso di cookie analitici, ove richiesto tramite banner cookie<\/p>\n<\/li>\n<\/ul>\n<hr data-start=\"1602\" data-end=\"1605\" \/>\n<h5 data-start=\"1607\" data-end=\"1630\">5. Google Analytics<\/h5>\n<p data-start=\"1632\" data-end=\"1725\">Il sito utilizza <strong data-start=\"1649\" data-end=\"1669\">Google Analytics<\/strong>, servizio di analisi web fornito da Google Ireland Ltd.<\/p>\n<p data-start=\"1727\" data-end=\"1889\">Google Analytics utilizza cookie per raccogliere informazioni in forma aggregata sull\u2019utilizzo del sito.<br data-start=\"1831\" data-end=\"1834\" \/>L\u2019indirizzo IP pu\u00f2 essere anonimizzato ove configurato.<\/p>\n<p data-start=\"1891\" data-end=\"1955\">Per maggiori informazioni:<br data-start=\"1917\" data-end=\"1920\" \/><a class=\"decorated-link\" href=\"https:\/\/policies.google.com\/privacy\" target=\"_new\" rel=\"noopener\" data-start=\"1920\" data-end=\"1955\">https:\/\/policies.google.com\/privacy<\/a><\/p>\n<hr data-start=\"1957\" data-end=\"1960\" \/>\n<h5 data-start=\"1962\" data-end=\"1976\">6. Hosting<\/h5>\n<p data-start=\"1978\" data-end=\"2148\">Il sito \u00e8 ospitato presso <strong data-start=\"2004\" data-end=\"2023\">Register S.p.A.<\/strong>, che agisce in qualit\u00e0 di fornitore di servizi hosting e pu\u00f2 trattare dati tecnici per finalit\u00e0 di manutenzione e sicurezza.<\/p>\n<hr data-start=\"2150\" data-end=\"2153\" \/>\n<h5 data-start=\"2155\" data-end=\"2184\">7. Conservazione dei dati<\/h5>\n<p data-start=\"2186\" data-end=\"2333\">I dati di navigazione sono conservati per il tempo strettamente necessario alle finalit\u00e0 indicate o secondo i termini previsti da Google Analytics.<\/p>\n<hr data-start=\"2335\" data-end=\"2338\" \/>\n<h5 data-start=\"2340\" data-end=\"2371\">8. Diritti dell\u2019interessato<\/h5>\n<p data-start=\"2373\" data-end=\"2439\">L\u2019utente pu\u00f2 esercitare i diritti previsti dagli artt. 15-22 GDPR:<\/p>\n<ul data-start=\"2441\" data-end=\"2506\">\n<li data-start=\"2441\" data-end=\"2450\">\n<p data-start=\"2443\" data-end=\"2450\">Accesso<\/p>\n<\/li>\n<li data-start=\"2451\" data-end=\"2462\">\n<p data-start=\"2453\" data-end=\"2462\">Rettifica<\/p>\n<\/li>\n<li data-start=\"2463\" data-end=\"2478\">\n<p data-start=\"2465\" data-end=\"2478\">Cancellazione<\/p>\n<\/li>\n<li data-start=\"2479\" data-end=\"2492\">\n<p data-start=\"2481\" data-end=\"2492\">Limitazione<\/p>\n<\/li>\n<li data-start=\"2493\" data-end=\"2506\">\n<p data-start=\"2495\" data-end=\"2506\">Opposizione<\/p>\n<\/li>\n<\/ul>\n<p data-start=\"2508\" data-end=\"2547\">Richieste via email a: <a href=\"mailto:info@sanpololamiere.it\" data-cmp-ab=\"2\">info@sanpololamiere.it<\/a><\/p>\n\n\t\t<\/div>\n\t<\/div>\n<div class=\"vc_empty_space\"   style=\"height: 32px\"><span class=\"vc_empty_space_inner\"><\/span><\/div><div class=\"vc_separator wpb_content_element vc_separator_align_center vc_sep_width_100 vc_sep_pos_align_center vc_separator_no_text vc_sep_color_grey wpb_content_element  wpb_content_element\" ><span class=\"vc_sep_holder vc_sep_holder_l\"><span class=\"vc_sep_line\"><\/span><\/span><span class=\"vc_sep_holder vc_sep_holder_r\"><span class=\"vc_sep_line\"><\/span><\/span>\n<\/div><div class=\"vc_empty_space\"   style=\"height: 32px\"><span class=\"vc_empty_space_inner\"><\/span><\/div>\n\t<div class=\"wpb_text_column wpb_content_element\" >\n\t\t<div class=\"wpb_wrapper\">\n\t\t\t<h3 data-start=\"423\" data-end=\"446\">PRIVACY POLICY<\/h3>\n<p>Information pursuant to Article 13 of EU Regulation 2016\/679 (GDPR)<\/p>\n<h5 data-start=\"596\" data-end=\"627\">1. Data Controller<\/h5>\n<p data-start=\"661\" data-end=\"804\"><strong data-start=\"661\" data-end=\"691\">San Polo Lamiere SpA<\/strong><br data-start=\"691\" data-end=\"694\" \/>Sede legale: Via IV Novembre 2, 43056 San Polo di Torrile (PR)<br data-start=\"736\" data-end=\"739\" \/>VAT: IT01635090341<br \/>\nPhone: +39 0521 091111<br data-start=\"762\" data-end=\"765\" \/>Email: <a href=\"mailto:info@sanpololamiere.it\" data-cmp-ab=\"2\">info@sanpololamiere.it<\/a><\/p>\n<hr data-start=\"806\" data-end=\"809\" \/>\n<h5 data-start=\"811\" data-end=\"844\">2. Types of data processed<\/h5>\n<p data-start=\"2954\" data-end=\"3036\">The website does not collect personal data through contact forms or registrations.<br \/>\nWhile browsing, the following data may be processed:<\/p>\n<ul data-start=\"965\" data-end=\"1072\">\n<li data-start=\"965\" data-end=\"979\">\n<p data-start=\"967\" data-end=\"979\">IP address<\/p>\n<\/li>\n<li data-start=\"980\" data-end=\"1024\">\n<p data-start=\"982\" data-end=\"1024\">Technical browser and device data<\/p>\n<\/li>\n<li data-start=\"1025\" data-end=\"1072\">\n<p data-start=\"1027\" data-end=\"1072\">Website usage data<\/p>\n<\/li>\n<\/ul>\n<p data-start=\"1074\" data-end=\"1159\">These data are collected automatically through technical systems and Google Analytics.<\/p>\n<hr data-start=\"1161\" data-end=\"1164\" \/>\n<h5 data-start=\"1166\" data-end=\"1197\">3. Purpose of processing<\/h5>\n<p data-start=\"1199\" data-end=\"1224\">Data are processed to:<\/p>\n<ul data-start=\"1226\" data-end=\"1388\">\n<li data-start=\"1226\" data-end=\"1272\">\n<p data-start=\"1228\" data-end=\"1272\">Ensure proper website operation<\/p>\n<\/li>\n<li data-start=\"1273\" data-end=\"1351\">\n<p data-start=\"1275\" data-end=\"1351\">Obtain anonymous statistical information through Google Analytics<\/p>\n<\/li>\n<li data-start=\"1352\" data-end=\"1388\">\n<p data-start=\"1354\" data-end=\"1388\">Improve website performance<\/p>\n<\/li>\n<\/ul>\n<hr data-start=\"1390\" data-end=\"1393\" \/>\n<h5 data-start=\"1395\" data-end=\"1416\">4. Legal basis<\/h5>\n<p data-start=\"1418\" data-end=\"1444\">Processing is based on:<\/p>\n<ul data-start=\"1446\" data-end=\"1600\">\n<li data-start=\"1446\" data-end=\"1510\">\n<p data-start=\"1448\" data-end=\"1510\">Legitimate interest of the Data Controller<\/p>\n<\/li>\n<li data-start=\"1511\" data-end=\"1600\">\n<p data-start=\"1513\" data-end=\"1600\">User consent for analytical cookies where required<\/p>\n<\/li>\n<\/ul>\n<hr data-start=\"1602\" data-end=\"1605\" \/>\n<h5 data-start=\"1607\" data-end=\"1630\">5. Google Analytics<\/h5>\n<p data-start=\"1632\" data-end=\"1725\">The website uses <strong data-start=\"3655\" data-end=\"3675\">Google Analytics<\/strong>, a web analytics service provided by Google Ireland Ltd.<\/p>\n<p data-start=\"1727\" data-end=\"1889\">Google Analytics uses cookies to collect aggregated information about website usage.<br data-start=\"3818\" data-end=\"3821\" \/>IP anonymization may be enabled.<\/p>\n<p data-start=\"1891\" data-end=\"1955\">More information:<br data-start=\"1917\" data-end=\"1920\" \/><a class=\"decorated-link\" href=\"https:\/\/policies.google.com\/privacy\" target=\"_new\" rel=\"noopener\" data-start=\"1920\" data-end=\"1955\">https:\/\/policies.google.com\/privacy<\/a><\/p>\n<hr data-start=\"1957\" data-end=\"1960\" \/>\n<h5 data-start=\"1962\" data-end=\"1976\">6. Hosting<\/h5>\n<p data-start=\"1978\" data-end=\"2148\">The website is hosted by <strong data-start=\"3967\" data-end=\"3986\">Register S.p.A.<\/strong>, acting as hosting provider and processing technical data for security and maintenance purposes.<\/p>\n<hr data-start=\"2150\" data-end=\"2153\" \/>\n<h5 data-start=\"2155\" data-end=\"2184\">7. Data retention<\/h5>\n<p data-start=\"2186\" data-end=\"2333\">Browsing data are retained only as long as necessary for the stated purposes or according to Google Analytics retention settings.<\/p>\n<hr data-start=\"2335\" data-end=\"2338\" \/>\n<h5 data-start=\"2340\" data-end=\"2371\">8. User rights<\/h5>\n<p data-start=\"2373\" data-end=\"2439\">Users may exercise their rights under Articles 15-22 GDPR:<\/p>\n<ul data-start=\"2441\" data-end=\"2506\">\n<li data-start=\"2441\" data-end=\"2450\">\n<p data-start=\"2443\" data-end=\"2450\">Access<\/p>\n<\/li>\n<li data-start=\"2451\" data-end=\"2462\">\n<p data-start=\"2453\" data-end=\"2462\">Rectification<\/p>\n<\/li>\n<li data-start=\"2463\" data-end=\"2478\">\n<p data-start=\"2465\" data-end=\"2478\">Erasure<\/p>\n<\/li>\n<li data-start=\"2479\" data-end=\"2492\">\n<p data-start=\"2481\" data-end=\"2492\">Restriction<\/p>\n<\/li>\n<li data-start=\"2493\" data-end=\"2506\">\n<p data-start=\"2495\" data-end=\"2506\">Objection<\/p>\n<\/li>\n<\/ul>\n<p data-start=\"2508\" data-end=\"2547\">Requests can be sent to: <a href=\"mailto:info@sanpololamiere.it\" data-cmp-ab=\"2\">info@sanpololamiere.it<\/a><\/p>\n\n\t\t<\/div>\n\t<\/div>\n<\/div><\/div><\/div><\/div>\n<\/div>","protected":false},"excerpt":{"rendered":"PRIVACY POLICY Informativa ai sensi dell\u2019art. 13 del Regolamento UE 2016\/679 (GDPR) 1. Titolare del trattamento Il Titolare del trattamento \u00e8: San Polo Lamiere SpASede legale: Via IV Novembre 2, 43056 San Polo di Torrile (PR)P.IVA: IT01635090341 Tel: +39 0521 091111Email: info@sanpololamiere.it 2. Tipologia di dati trattati Il sito non raccoglie dati personali tramite moduli [...]","protected":false},"author":1,"featured_media":0,"parent":0,"menu_order":0,"comment_status":"closed","ping_status":"closed","template":"","meta":{"inline_featured_image":false,"footnotes":""},"class_list":["post-3258","page","type-page","status-publish","hentry"],"aioseo_notices":[],"_links":{"self":[{"href":"https:\/\/www.sanpololamiere.it\/en\/wp-json\/wp\/v2\/pages\/3258","targetHints":{"allow":["GET"]}}],"collection":[{"href":"https:\/\/www.sanpololamiere.it\/en\/wp-json\/wp\/v2\/pages"}],"about":[{"href":"https:\/\/www.sanpololamiere.it\/en\/wp-json\/wp\/v2\/types\/page"}],"author":[{"embeddable":true,"href":"https:\/\/www.sanpololamiere.it\/en\/wp-json\/wp\/v2\/users\/1"}],"replies":[{"embeddable":true,"href":"https:\/\/www.sanpololamiere.it\/en\/wp-json\/wp\/v2\/comments?post=3258"}],"version-history":[{"count":7,"href":"https:\/\/www.sanpololamiere.it\/en\/wp-json\/wp\/v2\/pages\/3258\/revisions"}],"predecessor-version":[{"id":3270,"href":"https:\/\/www.sanpololamiere.it\/en\/wp-json\/wp\/v2\/pages\/3258\/revisions\/3270"}],"wp:attachment":[{"href":"https:\/\/www.sanpololamiere.it\/en\/wp-json\/wp\/v2\/media?parent=3258"}],"curies":[{"name":"wp","href":"https:\/\/api.w.org\/{rel}","templated":true}]}}